{"id":126,"date":"2015-11-22T23:26:49","date_gmt":"2015-11-22T22:26:49","guid":{"rendered":"http:\/\/neuralgia-blog.pl\/?page_id=126"},"modified":"2015-12-01T02:51:54","modified_gmt":"2015-12-01T01:51:54","slug":"fakty-i-mity","status":"publish","type":"page","link":"https:\/\/neuralgia-blog.com\/index.php\/fakty-i-mity\/","title":{"rendered":"fakty i mity"},"content":{"rendered":"<p><a href=\"http:\/\/neuralgia-blog.pl\/wp-content\/uploads\/2015\/12\/facts.jpg\"><img loading=\"lazy\" decoding=\"async\" class=\"alignnone wp-image-257 size-full\" src=\"http:\/\/neuralgia-blog.pl\/wp-content\/uploads\/2015\/12\/facts.jpg\" alt=\"facts\" width=\"1920\" height=\"600\" srcset=\"https:\/\/neuralgia-blog.com\/wp-content\/uploads\/2015\/12\/facts.jpg 1920w, https:\/\/neuralgia-blog.com\/wp-content\/uploads\/2015\/12\/facts-300x94.jpg 300w, https:\/\/neuralgia-blog.com\/wp-content\/uploads\/2015\/12\/facts-1024x320.jpg 1024w, https:\/\/neuralgia-blog.com\/wp-content\/uploads\/2015\/12\/facts-750x234.jpg 750w\" sizes=\"auto, (max-width: 1920px) 100vw, 1920px\" \/><\/a><\/p>\n<p>FAKT \u2013 MIT \u2013 1<br \/>\nCz\u0119sto s\u0142ysz\u0119 i czytam, \u017ce b\u00f3l w neuralgii wyst\u0119puje tylko w dzie\u0144. W nocy natomiast nigdy. Nie jest to prawd\u0105. Prawd\u0105 jest, \u017ce <strong>b\u00f3l nie wyst\u0119puje podczas snu<\/strong>. Nie budzi. Kiedy chory \u015bpi w dzie\u0144, te\u017c go nie odczuwa. B\u00f3l nie jest w stanie samoczynnie przerwa\u0107 snu. Jednak mo\u017ce wyst\u0119powa\u0107 w nocy, o poranku i w po\u0142udnie. Kiedy osoba z neuralgi\u0105 otworzy oczy, przebudzi si\u0119, b\u00f3l mo\u017ce od razu zaatakowa\u0107.<\/p>\n<p>FAKT \u2013 MIT \u2013 2<br \/>\nNeuralgia nerwu tr\u00f3jdzielnego umiejscawia b\u00f3l po jednej stronie twarzy. To mit. Najcz\u0119\u015bciej tak bywa, jednak nie zawsze\u2026 <strong>Obie strony g\u0142owy mog\u0105\u00a0by\u0107 zaatakowane przez chorob\u0119<\/strong>.<\/p>\n<p>FAKT \u2013 MIT \u2013 3<br \/>\nChoroba atakuje osoby po pi\u0119\u0107dziesi\u0105tym roku \u017cycia. Bzdura.<br \/>\n<strong>Neuralgia nerwu tr\u00f3jdzielnego mo\u017ce atakowa\u0107 w ka\u017cdym wieku<\/strong>, tak\u017ce dzieci.<\/p>\n<p>FAKT \u2013 MIT \u2013 4<br \/>\nB\u00f3l ma r\u00f3\u017cne nasilenie. Doznania ka\u017cdego chorego s\u0105 r\u00f3\u017cne. Zmieniaj\u0105 si\u0119\u00a0r\u00f3wnie\u017c w trakcie choroby. Nie musz\u0105 wyst\u0119powa\u0107 wszystkie objawy jednocze\u015bnie, \u017ceby mo\u017cna by\u0142o rozpozna\u0107 neuralgi\u0119 nerwu tr\u00f3jdzielnego. Czasami b\u00f3l jest nie do wytrzymania, powoduje drgania na twarzy, \u201eprzerw\u0119\u201d w \u017cyciu. Cz\u0119sto jednak to po prostu silny b\u00f3l. Czasami chory na neuralgi\u0119 odczuwa tylko pieczenie czy mrowienie. Czasami p\u0142yn\u0105 \u0142zy z jednego oka. Reasumuj\u0105c \u2013 <strong>objawy nie s\u0105 identyczne dla ka\u017cdego<\/strong>.<\/p>\n<p>FAKT \u2013 MIT &#8211; 5<br \/>\nW walce z b\u00f3lem <strong>pomaga ciep\u0142o<\/strong>. Kiedy boli g\u0142owa warto spr\u00f3bowa\u0107 za\u0142o\u017cy\u0107 czapk\u0119. Nawet w lecie. Owin\u0105\u0107 si\u0119. Ogrza\u0107.<\/p>\n","protected":false},"excerpt":{"rendered":"<p>FAKT \u2013 MIT \u2013 1 Cz\u0119sto s\u0142ysz\u0119 i czytam, \u017ce b\u00f3l w neuralgii wyst\u0119puje tylko w dzie\u0144. W nocy natomiast nigdy. Nie jest to prawd\u0105. Prawd\u0105 jest, \u017ce b\u00f3l nie wyst\u0119puje podczas snu. Nie budzi. Kiedy chory \u015bpi w dzie\u0144, te\u017c go nie odczuwa. B\u00f3l nie jest w stanie samoczynnie przerwa\u0107 snu. Jednak mo\u017ce wyst\u0119powa\u0107&hellip;<a href=\"https:\/\/neuralgia-blog.com\/index.php\/fakty-i-mity\/\" class=\"more-link\">Continue reading <span class=\"screen-reader-text\">fakty i mity<\/span><\/a><\/p>\n","protected":false},"author":1,"featured_media":0,"parent":0,"menu_order":0,"comment_status":"closed","ping_status":"closed","template":"","meta":{"footnotes":""},"class_list":["post-126","page","type-page","status-publish","hentry"],"_links":{"self":[{"href":"https:\/\/neuralgia-blog.com\/index.php\/wp-json\/wp\/v2\/pages\/126","targetHints":{"allow":["GET"]}}],"collection":[{"href":"https:\/\/neuralgia-blog.com\/index.php\/wp-json\/wp\/v2\/pages"}],"about":[{"href":"https:\/\/neuralgia-blog.com\/index.php\/wp-json\/wp\/v2\/types\/page"}],"author":[{"embeddable":true,"href":"https:\/\/neuralgia-blog.com\/index.php\/wp-json\/wp\/v2\/users\/1"}],"replies":[{"embeddable":true,"href":"https:\/\/neuralgia-blog.com\/index.php\/wp-json\/wp\/v2\/comments?post=126"}],"version-history":[{"count":4,"href":"https:\/\/neuralgia-blog.com\/index.php\/wp-json\/wp\/v2\/pages\/126\/revisions"}],"predecessor-version":[{"id":264,"href":"https:\/\/neuralgia-blog.com\/index.php\/wp-json\/wp\/v2\/pages\/126\/revisions\/264"}],"wp:attachment":[{"href":"https:\/\/neuralgia-blog.com\/index.php\/wp-json\/wp\/v2\/media?parent=126"}],"curies":[{"name":"wp","href":"https:\/\/api.w.org\/{rel}","templated":true}]}}