{"id":93,"date":"2015-11-20T20:21:53","date_gmt":"2015-11-20T19:21:53","guid":{"rendered":"http:\/\/neuralgia-blog.pl\/?page_id=93"},"modified":"2015-12-10T18:37:57","modified_gmt":"2015-12-10T17:37:57","slug":"kontakt","status":"publish","type":"page","link":"https:\/\/neuralgia-blog.com\/index.php\/kontakt\/","title":{"rendered":"kontakt"},"content":{"rendered":"<p><a href=\"http:\/\/neuralgia-blog.pl\/wp-content\/uploads\/2015\/12\/contact.jpg\"><img loading=\"lazy\" decoding=\"async\" class=\"alignnone wp-image-256 size-full\" src=\"http:\/\/neuralgia-blog.pl\/wp-content\/uploads\/2015\/12\/contact.jpg\" alt=\"contact\" width=\"1920\" height=\"600\" srcset=\"https:\/\/neuralgia-blog.com\/wp-content\/uploads\/2015\/12\/contact.jpg 1920w, https:\/\/neuralgia-blog.com\/wp-content\/uploads\/2015\/12\/contact-300x94.jpg 300w, https:\/\/neuralgia-blog.com\/wp-content\/uploads\/2015\/12\/contact-1024x320.jpg 1024w, https:\/\/neuralgia-blog.com\/wp-content\/uploads\/2015\/12\/contact-750x234.jpg 750w\" sizes=\"auto, (max-width: 1920px) 100vw, 1920px\" \/><\/a><\/p>\n<p>Nazywam si\u0119 Ola Wr\u00f3bel.<\/p>\n<p>Od sze\u015bciu lat zmagam si\u0119 z nieludzkim b\u00f3lem g\u0142owy.<br \/>\nNadal staram si\u0119 by\u0107 optymistk\u0105, jednak choroba znacz\u0105co zmieni\u0142a moje \u017cycie.\u00a0Zmieni\u0142a m\u00f3j charakter.\u00a0Zmieni\u0142a moje spojrzenie na otaczaj\u0105c\u0105 rzeczywisto\u015b\u0107.<\/p>\n<p>Nie wiem, kt\u00f3ry to dzie\u0144, miesi\u0105c, rok sp\u0119dzony z b\u00f3lem. Przesta\u0142am liczy\u0107\u2026\u00a0Pomy\u015bla\u0142am natomiast, \u017ce warto opisa\u0107 to, co mnie spotka\u0142o. Opowiedzie\u0107 o \u017cyciu z chorob\u0105, ludziach wok\u00f3\u0142 mnie\u2026<br \/>\nMo\u017ce moja opowie\u015b\u0107 pomo\u017ce w zrozumieniu drugiego cz\u0142owieka zamkni\u0119tego w wi\u0119zieniu, w kt\u00f3rym nie ma metalowych krat, tylko mur stworzony przez wszechogarniaj\u0105cy b\u00f3l\u2026<\/p>\n<p>W tek\u015bcie pos\u0142uguje si\u0119 inicja\u0142ami lekarzy z powodu negatywnej oceny, jak\u0105 wystawiam cz\u0119\u015bci\u00a0spotkanych \u201especjalist\u00f3w\u201d.<br \/>\nOpisuj\u0119 te\u017c miejsca, gdzie szuka\u0142am pomocy.<\/p>\n<p>Je\u015bli chcesz o co\u015b zapyta\u0107, je\u015bli mog\u0119 Ci jako\u015b pom\u00f3c, dziel\u0105c si\u0119 swoimi do\u015bwiadczeniami i informacjami, kt\u00f3re zebra\u0142am w trakcie choroby, pisz na adres e-mail:<br \/>\n<strong>ola@neuralgia-blog.pl<\/strong><\/p>\n<p>\u017bycz\u0119 zdrowia\u00a0chorym na TN oraz si\u0142y osobom wsp\u00f3\u0142towarzysz\u0105cym!<br \/>\nOla Wr\u00f3bel<\/p>\n","protected":false},"excerpt":{"rendered":"<p>Nazywam si\u0119 Ola Wr\u00f3bel. Od sze\u015bciu lat zmagam si\u0119 z nieludzkim b\u00f3lem g\u0142owy. Nadal staram si\u0119 by\u0107 optymistk\u0105, jednak choroba znacz\u0105co zmieni\u0142a moje \u017cycie.\u00a0Zmieni\u0142a m\u00f3j charakter.\u00a0Zmieni\u0142a moje spojrzenie na otaczaj\u0105c\u0105 rzeczywisto\u015b\u0107. Nie wiem, kt\u00f3ry to dzie\u0144, miesi\u0105c, rok sp\u0119dzony z b\u00f3lem. Przesta\u0142am liczy\u0107\u2026\u00a0Pomy\u015bla\u0142am natomiast, \u017ce warto opisa\u0107 to, co mnie spotka\u0142o. Opowiedzie\u0107 o \u017cyciu z&hellip;<a href=\"https:\/\/neuralgia-blog.com\/index.php\/kontakt\/\" class=\"more-link\">Continue reading <span class=\"screen-reader-text\">kontakt<\/span><\/a><\/p>\n","protected":false},"author":2,"featured_media":0,"parent":0,"menu_order":0,"comment_status":"closed","ping_status":"closed","template":"","meta":{"footnotes":""},"class_list":["post-93","page","type-page","status-publish","hentry"],"_links":{"self":[{"href":"https:\/\/neuralgia-blog.com\/index.php\/wp-json\/wp\/v2\/pages\/93","targetHints":{"allow":["GET"]}}],"collection":[{"href":"https:\/\/neuralgia-blog.com\/index.php\/wp-json\/wp\/v2\/pages"}],"about":[{"href":"https:\/\/neuralgia-blog.com\/index.php\/wp-json\/wp\/v2\/types\/page"}],"author":[{"embeddable":true,"href":"https:\/\/neuralgia-blog.com\/index.php\/wp-json\/wp\/v2\/users\/2"}],"replies":[{"embeddable":true,"href":"https:\/\/neuralgia-blog.com\/index.php\/wp-json\/wp\/v2\/comments?post=93"}],"version-history":[{"count":8,"href":"https:\/\/neuralgia-blog.com\/index.php\/wp-json\/wp\/v2\/pages\/93\/revisions"}],"predecessor-version":[{"id":371,"href":"https:\/\/neuralgia-blog.com\/index.php\/wp-json\/wp\/v2\/pages\/93\/revisions\/371"}],"wp:attachment":[{"href":"https:\/\/neuralgia-blog.com\/index.php\/wp-json\/wp\/v2\/media?parent=93"}],"curies":[{"name":"wp","href":"https:\/\/api.w.org\/{rel}","templated":true}]}}