{"id":95,"date":"2015-11-20T20:22:04","date_gmt":"2015-11-20T19:22:04","guid":{"rendered":"http:\/\/neuralgia-blog.pl\/?page_id=95"},"modified":"2015-12-01T22:45:42","modified_gmt":"2015-12-01T21:45:42","slug":"byc-obok","status":"publish","type":"page","link":"https:\/\/neuralgia-blog.com\/index.php\/byc-obok\/","title":{"rendered":"by\u0107 obok"},"content":{"rendered":"<p><img loading=\"lazy\" decoding=\"async\" class=\"alignnone wp-image-258 size-full\" src=\"http:\/\/neuralgia-blog.pl\/wp-content\/uploads\/2015\/12\/partner.jpg\" alt=\"partner\" width=\"1920\" height=\"600\" srcset=\"https:\/\/neuralgia-blog.com\/wp-content\/uploads\/2015\/12\/partner.jpg 1920w, https:\/\/neuralgia-blog.com\/wp-content\/uploads\/2015\/12\/partner-300x94.jpg 300w, https:\/\/neuralgia-blog.com\/wp-content\/uploads\/2015\/12\/partner-1024x320.jpg 1024w, https:\/\/neuralgia-blog.com\/wp-content\/uploads\/2015\/12\/partner-750x234.jpg 750w\" sizes=\"auto, (max-width: 1920px) 100vw, 1920px\" \/><\/p>\n<p>Poni\u017cej znajduje si\u0119\u00a0kilka wskaz\u00f3wek skierowanych do wszystkich ludzi, kt\u00f3rzy \u017cyj\u0105 obok chorych na TN (z ang. <em>trigeminal neuralgia<\/em> czyli <em>neuralgia nerwu tr\u00f3jdzielnego<\/em>).<\/p>\n<p>Przemy\u015blenia te powsta\u0142y z punktu widzenia osoby do\u015bwiadczonej przez neuralgi\u0119 nerwu tr\u00f3jdzielnego. Moje odczucia na pewno nie s\u0105 obiektywne, mo\u017ce jednak pomog\u0105 komu\u015b w odnalezieniu porozumienia z blisk\u0105 osob\u0105, kt\u00f3ra przez b\u00f3l sta\u0142a si\u0119\u00a0innym cz\u0142owiekiem\u2026<\/p>\n<p>DO OS\u00d3B TOWARZYSZ\u0104CYCH CHORYM NA NEURALGI\u0118 NERWU TR\u00d3JDZIELNEGO\u2026<\/p>\n<ol>\n<li>\u00a0Kiedy osob\u0119 chor\u0105 atakuje b\u00f3l, nie musisz nic m\u00f3wi\u0107. Wa\u017cne, \u017ceby\u015b by\u0142 obok. Trzyma\u0142 za r\u0119k\u0119. Nie dotykaj twarzy chorego. O nic nie pytaj. Kiedy b\u00f3l minie, b\u0119dziesz m\u00f3g\u0142 rozmawia\u0107 do woli.<\/li>\n<li>Kiedy osoba chora nie ma si\u0142y, \u017ceby \u017cy\u0107 normalnie, \u017ceby wsta\u0107 z \u0142\u00f3\u017cka, \u017ceby wyj\u015b\u0107 z domu, spr\u00f3buj zrozumie\u0107 i zaakceptowa\u0107 ten stan. Bez pretensji i zb\u0119dnych s\u0142\u00f3w.<\/li>\n<li>Kiedy osoba chora m\u00f3wi straszne rzeczy, np. o braku ch\u0119ci \u017cycia, nie bierz tego do siebie. Podczas ataku b\u00f3lu cz\u0142owiek jest w stanie powiedzie\u0107 wszystko. Bo wszystko wydaje si\u0119 lepsze ni\u017c trwanie w b\u00f3lu.<\/li>\n<li>Kiedy osoba chora wpada w stany depresyjne, pr\u00f3buj zach\u0119ci\u0107 j\u0105 do \u017cycia. To bardzo wa\u017cne, \u017ceby by\u0142 cel, dla kt\u00f3rego warto jest dalej \u017cy\u0107.<\/li>\n<li>Kiedy osoba chora za\u0142amuje si\u0119 z powodu braku zrozumienia przez otoczenie, to Ty musisz da\u0107 jej poczucie pewno\u015bci.<\/li>\n<li>S\u0142uchaj o chorobie uwa\u017cnie. To bardzo wa\u017cne, by chory m\u00f3g\u0142 rozmawia\u0107 o swoim problemie. Nawet je\u015bli s\u0142ysza\u0142e\u015b to samo dzie\u0144 wcze\u015bniej.<\/li>\n<li>Kiedy to Ciebie dotyka za\u0142amanie, bo widzisz b\u00f3l i zm\u0119czenie na twarzy chorej osoby, spr\u00f3buj znale\u017a\u0107 w sobie nadziej\u0119, zajmij si\u0119\u00a0czym\u015b, co sprawi Ci przyjemno\u015b\u0107.<\/li>\n<li>Dbaj o siebie, bo potrzebujesz si\u0142y, by wytrwa\u0107 w chorobie. Chocia\u017c nie czujesz b\u00f3lu, czujesz cz\u0119sto bezsilno\u015b\u0107, ale nie mo\u017cesz podda\u0107 si\u0119 temu uczuciu. Ty jeste\u015b zdrowy.<\/li>\n<li>Spr\u00f3buj nie denerwowa\u0107 osoby chorej, nerwowa atmosfera, skoki ci\u015bnienia krwi, cz\u0119sto wywo\u0142uj\u0105 b\u00f3l.<\/li>\n<li>Kiedy osoba chora nie mo\u017ce je\u015b\u0107, bo gryzienie, ciep\u0142o, zimno sprawia b\u00f3l, uszanuj to, ale te\u017c namawiaj w lepszym momencie, by co\u015b zjad\u0142a.<\/li>\n<li>Nie tra\u0107 nadziei na wyleczenie i normalne \u017cycie. Nigdy nie wiadomo, czy kolejnego dnia nie znajdziecie rozwi\u0105zania.<\/li>\n<li>Osoba chora jest nadal tym samym cz\u0142owiekiem, jakim by\u0142a nim zachorowa\u0142a.<\/li>\n<li>Neuralgia, b\u00f3l niszcz\u0105 normalne \u017cycie, dlatego nie b\u00f3j si\u0119 szuka\u0107 wsparcia. Nie jeste\u015b sam.<\/li>\n<\/ol>\n","protected":false},"excerpt":{"rendered":"<p>Poni\u017cej znajduje si\u0119\u00a0kilka wskaz\u00f3wek skierowanych do wszystkich ludzi, kt\u00f3rzy \u017cyj\u0105 obok chorych na TN (z ang. trigeminal neuralgia czyli neuralgia nerwu tr\u00f3jdzielnego). Przemy\u015blenia te powsta\u0142y z punktu widzenia osoby do\u015bwiadczonej przez neuralgi\u0119 nerwu tr\u00f3jdzielnego. Moje odczucia na pewno nie s\u0105 obiektywne, mo\u017ce jednak pomog\u0105 komu\u015b w odnalezieniu porozumienia z blisk\u0105 osob\u0105, kt\u00f3ra przez b\u00f3l sta\u0142a&hellip;<a href=\"https:\/\/neuralgia-blog.com\/index.php\/byc-obok\/\" class=\"more-link\">Continue reading <span class=\"screen-reader-text\">by\u0107 obok<\/span><\/a><\/p>\n","protected":false},"author":2,"featured_media":258,"parent":0,"menu_order":0,"comment_status":"closed","ping_status":"closed","template":"","meta":{"footnotes":""},"class_list":["post-95","page","type-page","status-publish","has-post-thumbnail","hentry"],"_links":{"self":[{"href":"https:\/\/neuralgia-blog.com\/index.php\/wp-json\/wp\/v2\/pages\/95","targetHints":{"allow":["GET"]}}],"collection":[{"href":"https:\/\/neuralgia-blog.com\/index.php\/wp-json\/wp\/v2\/pages"}],"about":[{"href":"https:\/\/neuralgia-blog.com\/index.php\/wp-json\/wp\/v2\/types\/page"}],"author":[{"embeddable":true,"href":"https:\/\/neuralgia-blog.com\/index.php\/wp-json\/wp\/v2\/users\/2"}],"replies":[{"embeddable":true,"href":"https:\/\/neuralgia-blog.com\/index.php\/wp-json\/wp\/v2\/comments?post=95"}],"version-history":[{"count":8,"href":"https:\/\/neuralgia-blog.com\/index.php\/wp-json\/wp\/v2\/pages\/95\/revisions"}],"predecessor-version":[{"id":262,"href":"https:\/\/neuralgia-blog.com\/index.php\/wp-json\/wp\/v2\/pages\/95\/revisions\/262"}],"wp:featuredmedia":[{"embeddable":true,"href":"https:\/\/neuralgia-blog.com\/index.php\/wp-json\/wp\/v2\/media\/258"}],"wp:attachment":[{"href":"https:\/\/neuralgia-blog.com\/index.php\/wp-json\/wp\/v2\/media?parent=95"}],"curies":[{"name":"wp","href":"https:\/\/api.w.org\/{rel}","templated":true}]}}