{"id":97,"date":"2015-11-20T20:22:12","date_gmt":"2015-11-20T19:22:12","guid":{"rendered":"http:\/\/neuralgia-blog.pl\/?page_id=97"},"modified":"2016-06-20T10:22:12","modified_gmt":"2016-06-20T08:22:12","slug":"czytelnia","status":"publish","type":"page","link":"https:\/\/neuralgia-blog.com\/index.php\/czytelnia\/","title":{"rendered":"czytelnia"},"content":{"rendered":"<p><a href=\"http:\/\/neuralgia-blog.pl\/wp-content\/uploads\/2015\/12\/book.jpg\"><img loading=\"lazy\" decoding=\"async\" class=\"alignnone wp-image-255 size-full\" src=\"http:\/\/neuralgia-blog.pl\/wp-content\/uploads\/2015\/12\/book.jpg\" alt=\"book\" width=\"1920\" height=\"600\" srcset=\"https:\/\/neuralgia-blog.com\/wp-content\/uploads\/2015\/12\/book.jpg 1920w, https:\/\/neuralgia-blog.com\/wp-content\/uploads\/2015\/12\/book-300x94.jpg 300w, https:\/\/neuralgia-blog.com\/wp-content\/uploads\/2015\/12\/book-1024x320.jpg 1024w, https:\/\/neuralgia-blog.com\/wp-content\/uploads\/2015\/12\/book-750x234.jpg 750w\" sizes=\"auto, (max-width: 1920px) 100vw, 1920px\" \/><\/a><\/p>\n<p><strong>TNA The Facial Pain Association<br \/>\n<\/strong><a href=\"http:\/\/fpa-support.org\" target=\"_blank\">http:\/\/fpa-support.org<\/a><\/p>\n<p><strong>FB \u2013 Tr\u00f3jdzielni!<\/strong><br \/>\nGrupa wsparcia, g\u0142\u00f3wnie dla os\u00f3b z Polski, dotkni\u0119tych\u00a0neuralgi\u0105 nerwu tr\u00f3jdzielnego.<br \/>\n<a href=\"https:\/\/www.facebook.com\/groups\/trojdzielni\/?fref=ts\" target=\"_blank\">https:\/\/www.facebook.com\/groups\/trojdzielni\/?fref=ts<\/a><\/p>\n<p><strong>Petycja!<\/strong><br \/>\nJe\u017celi jeste\u015b za refundacj\u0105 lek\u00f3w stosowanych w leczeniu neuralgii i neuropatii wyst\u0119puj\u0105cych w obr\u0119bie twarzoczaszki, podpisz petycj\u0119!<br \/>\n<a href=\"http:\/\/www.petycjeonline.com\/petycja_o_refundacj_lekow_w_neuralgiach_i_neuropatiach_twarzy\" target=\"_blank\">http:\/\/www.petycjeonline.com\/petycja_o_refundacj_lekow_w_neuralgiach_i_neuropatiach_twarzy<\/a><\/p>\n<p><strong>TAK! dla refundacji lek\u00f3w!<br \/>\n<\/strong>Neuralgie i neuropatie twarzy.<br \/>\n<a href=\"https:\/\/www.facebook.com\/boltwarzyrefundacja\" target=\"_blank\">https:\/\/www.facebook.com\/boltwarzyrefundacja<\/a><\/p>\n<p><strong>FB \u2013 TN \u2013 Trigeminal Neuralgia<\/strong><br \/>\nCiekawostki i nowinki z ca\u0142ego \u015bwiata na temat neuralgii nerwu tr\u00f3jdzielnego.<br \/>\n<a href=\"https:\/\/www.facebook.com\/endTrigeminalNeuralgia\/\" target=\"_blank\">https:\/\/www.facebook.com\/endTrigeminalNeuralgia\/<\/a><\/p>\n<p><strong>Polskie Towarzystwo Badania B\u00f3lu<\/strong><br \/>\nB\u00f3l jest g\u0142\u00f3wnym problemem zdrowotnym w Europie. Stanowi chorob\u0119 sam\u0105 w sobie.W Unii Europejskiej leczenie b\u00f3lu przewlek\u0142ego jest dost\u0119pne powszechnie.Chocia\u017c niewielu ludzi umiera z b\u00f3lu, wielu umiera w b\u00f3lu, a jeszcze wi\u0119cej \u017cyje z b\u00f3lem.<br \/>\n<a href=\"http:\/\/ptbb.pl\" target=\"_blank\">http:\/\/ptbb.pl<\/a><\/p>\n<p><strong>Mikrodekompresja (odbarczenie nerwu) \u2013 definicja<\/strong><br \/>\nFilm opisuj\u0105cy przygotowanie i przebieg operacji odbarczenia nerwu tr\u00f3jdzielnego w przypadku konfliktu naczyniowo-nerwowego.<br \/>\n<a href=\"https:\/\/www.youtube.com\/watch?v=IPqby3lKjtk\" target=\"_blank\">https:\/\/www.youtube.com\/watch?v=IPqby3lKjtk<\/a><\/p>\n<p>&nbsp;<\/p>\n","protected":false},"excerpt":{"rendered":"<p>TNA The Facial Pain Association http:\/\/fpa-support.org FB \u2013 Tr\u00f3jdzielni! Grupa wsparcia, g\u0142\u00f3wnie dla os\u00f3b z Polski, dotkni\u0119tych\u00a0neuralgi\u0105 nerwu tr\u00f3jdzielnego. https:\/\/www.facebook.com\/groups\/trojdzielni\/?fref=ts Petycja! Je\u017celi jeste\u015b za refundacj\u0105 lek\u00f3w stosowanych w leczeniu neuralgii i neuropatii wyst\u0119puj\u0105cych w obr\u0119bie twarzoczaszki, podpisz petycj\u0119! http:\/\/www.petycjeonline.com\/petycja_o_refundacj_lekow_w_neuralgiach_i_neuropatiach_twarzy TAK! dla refundacji lek\u00f3w! Neuralgie i neuropatie twarzy. https:\/\/www.facebook.com\/boltwarzyrefundacja FB \u2013 TN \u2013 Trigeminal Neuralgia Ciekawostki&hellip;<a href=\"https:\/\/neuralgia-blog.com\/index.php\/czytelnia\/\" class=\"more-link\">Continue reading <span class=\"screen-reader-text\">czytelnia<\/span><\/a><\/p>\n","protected":false},"author":2,"featured_media":0,"parent":0,"menu_order":0,"comment_status":"closed","ping_status":"closed","template":"","meta":{"footnotes":""},"class_list":["post-97","page","type-page","status-publish","hentry"],"_links":{"self":[{"href":"https:\/\/neuralgia-blog.com\/index.php\/wp-json\/wp\/v2\/pages\/97","targetHints":{"allow":["GET"]}}],"collection":[{"href":"https:\/\/neuralgia-blog.com\/index.php\/wp-json\/wp\/v2\/pages"}],"about":[{"href":"https:\/\/neuralgia-blog.com\/index.php\/wp-json\/wp\/v2\/types\/page"}],"author":[{"embeddable":true,"href":"https:\/\/neuralgia-blog.com\/index.php\/wp-json\/wp\/v2\/users\/2"}],"replies":[{"embeddable":true,"href":"https:\/\/neuralgia-blog.com\/index.php\/wp-json\/wp\/v2\/comments?post=97"}],"version-history":[{"count":17,"href":"https:\/\/neuralgia-blog.com\/index.php\/wp-json\/wp\/v2\/pages\/97\/revisions"}],"predecessor-version":[{"id":737,"href":"https:\/\/neuralgia-blog.com\/index.php\/wp-json\/wp\/v2\/pages\/97\/revisions\/737"}],"wp:attachment":[{"href":"https:\/\/neuralgia-blog.com\/index.php\/wp-json\/wp\/v2\/media?parent=97"}],"curies":[{"name":"wp","href":"https:\/\/api.w.org\/{rel}","templated":true}]}}